{"id":975,"date":"2018-03-04T09:51:38","date_gmt":"2018-03-04T08:51:38","guid":{"rendered":"http:\/\/www.hhtec.eu\/hammer\/?page_id=975"},"modified":"2018-03-14T20:48:21","modified_gmt":"2018-03-14T19:48:21","slug":"more-about-h10","status":"publish","type":"page","link":"https:\/\/www.hhtec.eu\/hammer\/en\/more-about-h10\/","title":{"rendered":"More about H*(10)"},"content":{"rendered":"<p style=\"text-align: left;\"><em><strong>HammeHead HH<\/strong><\/em> je m\u011b\u0159idlo, kter\u00e9 lze kalibrovat na r\u016fzn\u00e9\u00a0fyzik\u00e1ln\u00ed veli\u010diny pou\u017e\u00edvan\u00e9 v dozimetrii a radia\u010dn\u00ed ochran\u011b.<\/p>\n<p style=\"text-align: left;\">Pro b\u011b\u017en\u00e9 \u00fa\u010dely se nejvhodn\u011bj\u0161\u00ed veli\u010dinou jev\u00ed\u00a0prostorov\u00fd d\u00e1vkov\u00fd ekvivalent <em>H*(10), <\/em>resp. jeho \u010dasov\u00fd integr\u00e1l\u00a0\u2013 p\u0159\u00edkon\u00a0prostorov\u00e9ho d\u00e1vkov\u00e9ho ekvivalentu <em>\u1e22*(10).\u00a0<\/em>Jedn\u00e1 se o\u00a0fyzik\u00e1ln\u00ed veli\u010dinu, kterou lze\u00a0p\u0159i zevn\u00edm oz\u00e1\u0159en\u00ed pronikav\u00fdm ionizuj\u00edc\u00edm z\u00e1\u0159en\u00edm (gama) pou\u017e\u00edt\u00a0k\u00a0ohodnocen\u00ed biologick\u00fdch \u00fa\u010dink\u016f \u00a0z\u00e1\u0159en\u00ed na \u010dlov\u011bka.\u00a0Zm\u011b\u0159\u00edme-li-li hodnotu\u00a0<em>\u1e22*(10)\u00a0<\/em>v n\u011bjak\u00e9m m\u00edst\u011b, nap\u0159. na voln\u00e9m prostranstv\u00ed, lze potom z doby <em>t<\/em> pobytu osob v tomto m\u00edst\u011b stanovit <em>H*(10) prost\u00fdm sou\u010dinem:<\/em><\/p>\n<p style=\"text-align: left;\"><em>H*(10) =\u00a0\u1e22*(10) . t<\/em><\/p>\n<p style=\"text-align: left;\">Zji\u0161t\u011bn\u00e1 hodnota <em>H*(10) <\/em>potom p\u0159\u00edmo umo\u017e\u0148uje stanovit m\u00edru z\u00e1va\u017enosti oz\u00e1\u0159en\u00ed osob,\u00a0v\u00edce nap\u0159. na: <a href=\"http:\/\/fbmi.sirdik.org\/7-kapitola\/74\/742.html\" target=\"_blank\" rel=\"noopener noreferrer\">Radiobiologie\/Radia\u010dn\u00ed ochrana\/ Efektivn\u00ed d\u00e1vka a prostorov\u00fd d\u00e1vkov\u00fd ekvivalent<\/a><\/p>\n","protected":false},"excerpt":{"rendered":"<p>HammeHead HH je m\u011b\u0159idlo, kter\u00e9 lze kalibrovat na r\u016fzn\u00e9\u00a0fyzik\u00e1ln\u00ed veli\u010diny pou\u017e\u00edvan\u00e9 v dozimetrii a radia\u010dn\u00ed ochran\u011b. Pro b\u011b\u017en\u00e9 \u00fa\u010dely se nejvhodn\u011bj\u0161\u00ed veli\u010dinou jev\u00ed\u00a0prostorov\u00fd d\u00e1vkov\u00fd ekvivalent H*(10), resp. jeho \u010dasov\u00fd integr\u00e1l\u00a0\u2013 p\u0159\u00edkon\u00a0prostorov\u00e9ho d\u00e1vkov\u00e9ho ekvivalentu \u1e22*(10).\u00a0Jedn\u00e1 se o\u00a0fyzik\u00e1ln\u00ed veli\u010dinu, kterou lze\u00a0p\u0159i zevn\u00edm oz\u00e1\u0159en\u00ed pronikav\u00fdm ionizuj\u00edc\u00edm z\u00e1\u0159en\u00edm (gama) pou\u017e\u00edt\u00a0k\u00a0ohodnocen\u00ed biologick\u00fdch \u00fa\u010dink\u016f \u00a0z\u00e1\u0159en\u00ed na \u010dlov\u011bka.\u00a0Zm\u011b\u0159\u00edme-li-li hodnotu\u00a0\u1e22*(10)\u00a0v n\u011bjak\u00e9m m\u00edst\u011b, nap\u0159. &hellip; <a href=\"https:\/\/www.hhtec.eu\/hammer\/en\/more-about-h10\/\" class=\"more-link\">Pokra\u010dov\u00e1n\u00ed textu <span class=\"screen-reader-text\">More about H*(10)<\/span> <span class=\"meta-nav\">&rarr;<\/span><\/a><\/p>\n","protected":false},"author":1,"featured_media":0,"parent":0,"menu_order":0,"comment_status":"closed","ping_status":"closed","template":"","meta":{"spay_email":""},"jetpack_sharing_enabled":true,"jetpack_shortlink":"https:\/\/wp.me\/P7T0YT-fJ","_links":{"self":[{"href":"https:\/\/www.hhtec.eu\/hammer\/wp-json\/wp\/v2\/pages\/975"}],"collection":[{"href":"https:\/\/www.hhtec.eu\/hammer\/wp-json\/wp\/v2\/pages"}],"about":[{"href":"https:\/\/www.hhtec.eu\/hammer\/wp-json\/wp\/v2\/types\/page"}],"author":[{"embeddable":true,"href":"https:\/\/www.hhtec.eu\/hammer\/wp-json\/wp\/v2\/users\/1"}],"replies":[{"embeddable":true,"href":"https:\/\/www.hhtec.eu\/hammer\/wp-json\/wp\/v2\/comments?post=975"}],"version-history":[{"count":2,"href":"https:\/\/www.hhtec.eu\/hammer\/wp-json\/wp\/v2\/pages\/975\/revisions"}],"predecessor-version":[{"id":1000,"href":"https:\/\/www.hhtec.eu\/hammer\/wp-json\/wp\/v2\/pages\/975\/revisions\/1000"}],"wp:attachment":[{"href":"https:\/\/www.hhtec.eu\/hammer\/wp-json\/wp\/v2\/media?parent=975"}],"curies":[{"name":"wp","href":"https:\/\/api.w.org\/{rel}","templated":true}]}}