{"id":74,"date":"2016-07-18T10:26:53","date_gmt":"2016-07-18T09:26:53","guid":{"rendered":"http:\/\/www.hhtec.eu\/?page_id=74"},"modified":"2021-01-15T09:30:21","modified_gmt":"2021-01-15T08:30:21","slug":"hammer","status":"publish","type":"page","link":"https:\/\/www.hhtec.eu\/hammer\/cs\/hammer\/","title":{"rendered":"HammerHead HH"},"content":{"rendered":"<p style=\"text-align: justify;\"><strong>M\u011b\u0159idlo pro p\u0159esn\u00e9 m\u011b\u0159en\u00ed p\u0159\u00edkonu\u00a0prostorov\u00e9ho d\u00e1vkov\u00e9ho ekvivalentu <em>\u1e22*(10)<\/em> z\u00e1\u0159en\u00ed gama a\u00a0X, s vysokou citlivost\u00ed, \u0161irok\u00fdm rozsahem m\u011b\u0159en\u00ed, rychlou odezvou a dlouhodobou stabilitou<\/strong>.<\/p>\n<p style=\"text-align: justify;\">P\u0159i m\u011b\u0159en\u00ed na zemsk\u00e9m povrchu umo\u017e\u0148uje stanoven\u00ed\u00a0 terestri\u00e1ln\u00ed slo\u017eky z\u00e1\u0159en\u00ed <em>\u1e22*(10)<\/em><sub><em>terr<\/em>\u00a0 <\/sub>a kvalifikovan\u00fd odhad\u00a0<em>\u1e22*(10)<sub>cosmic <\/sub><\/em>od sekund\u00e1rn\u00ed slo\u017eky kosmick\u00e9ho z\u00e1\u0159en\u00ed tvo\u0159en\u00e9 miony, piony, protony a fotony (bez neutron\u016f).<\/p>\n<p style=\"text-align: justify;\">Umo\u017e\u0148uje mapov\u00e1n\u00ed\u00a0<em>\u1e22*(10)<\/em> ve stacion\u00e1rn\u00edch pol\u00edch z\u00e1\u0159en\u00ed, sledov\u00e1n\u00ed dynamick\u00fdch zm\u011bn, m\u011b\u0159en\u00ed p\u0159echodov\u00fdch d\u011bj\u016f, zji\u0161\u0165ov\u00e1n\u00ed pr\u016fst\u0159el\u016f ve st\u00edn\u011bn\u00ed, prov\u00e1d\u011bn\u00ed citliv\u00fdch m\u011b\u0159en\u00ed <em>\u1e22*(10)\u00a0<\/em>na zv\u00fd\u0161en\u00e9m pozad\u00ed, n\u00edzkopoza\u010fov\u00fdch m\u011b\u0159en\u00ed \u010di m\u011b\u0159en\u00ed \u1e22*(10) v havarijn\u00edch podm\u00ednk\u00e1ch.<\/p>\n<p style=\"text-align: justify;\">M\u011b\u0159idlo je ur\u010deno pro pou\u017eit\u00ed v ter\u00e9nu i laborato\u0159i, pro stacion\u00e1rn\u00ed,\u00a0 poch\u016fzkov\u00e1 i mobiln\u00ed m\u011b\u0159en\u00ed v aut\u011b nebo letadle, m\u011b\u0159en\u00ed pod vodou. Mo\u017enost a\u017e 30 denn\u00edho autonomn\u00edho provozu s \u00fapln\u00fdm z\u00e1znamem dat v intervalu 1 ms.<\/p>\n<ul>\n<li><span id=\"result_box\" lang=\"en\">Rozsah m\u011b\u0159en\u00ed\u00a0<em>\u1e22*(10):<\/em>\u00a0 \u00a0 5 nSv\/h to 30 mSv\/h (<\/span><span id=\"result_box\" lang=\"en\">opt. 10 Sv\/h)<\/span><\/li>\n<li><span id=\"result_box\" lang=\"en\">Energetick\u00fd rozsah:\u00a0 \u00a0 \u00a0 \u00a0 \u00a040 keV to 8 MeV (pro fotony)<\/span><\/li>\n<li>\u00dahlov\u00e1 z\u00e1vislost:\u00a0 \u00a0 \u00a0 \u00a0 \u00a0 \u00a0 \u00a0 -135\u00b0 \u2026 + 135\u00b0<\/li>\n<li>Teplotn\u00ed rozsah:\u00a0 \u00a0 \u00a0 \u00a0 \u00a0 \u00a0 \u00a0 \u00a0 -25 &#8230; +50 \u00b0C<\/li>\n<li>Citlivost m\u011b\u0159en\u00ed:\u00a0 \u00a0 \u00a0 \u00a0 \u00a0 \u00a0 \u00a0 \u00a0 1 nSv\/h<\/li>\n<li>P\u0159et\u00ed\u017eitelnost:\u00a0 \u00a0 \u00a0 \u00a0 \u00a0 \u00a0 \u00a0 \u00a0 \u00a0 \u00a0 min. 30 Sv\/h\n<ul>\n<li>Re\u017eim m\u011b\u0159en:\u00a0 \u00a0 \u00a0 \u00a0 \u00a0 \u00a0 \u00a0 \u00a0bez vlivu mrtv\u00e9 doby<\/li>\n<\/ul>\n<\/li>\n<li>Rychl\u00e1 odezva <span id=\"result_box\" lang=\"en\"><em>\u1e22*(10)<\/em><\/span>:\u00a0 \u00a0 \u00a0&lt;3 ms p\u0159i skokov\u00e9 zm\u011bn\u011b\u00a0o &gt;4 dek\u00e1dy<\/li>\n<li>M\u011b\u0159\u00edc\u00ed interval:\u00a0 \u00a0 \u00a0 \u00a0 \u00a0 \u00a0 \u00a0 \u00a0 \u00a01 s (optional 1 ms, 10 ms, 100 ms)<\/li>\n<li>Mal\u00e9 rozm\u011bry:\u00a0 \u00a0 \u00a0 \u00a0 \u00a0 \u00a0 \u00a0 \u00a0 \u00a0 \u00f8 80 mm x 320 mm<\/li>\n<li>Mal\u00e1 hmotnost:\u00a0 \u00a0 \u00a0 \u00a0 \u00a0 \u00a0 \u00a0 \u00a0 1.6 kg<\/li>\n<li>Nejistota m\u011b\u0159en\u00ed typu A:\u00a0 \u00a0\u00b1\u00a01 %, p\u0159i dob\u011b m\u011b\u0159en\u00ed &gt;300 s\n<div id=\"gt-form-c\">\n<form id=\"gt-form\" action=\"\/\" enctype=\"application\/x-www-form-urlencoded\" method=\"post\" name=\"text_form\">\n<div id=\"gt-text-all\">\n<div id=\"gt-main\">\n<div id=\"gt-text-c\">\n<div id=\"gt-text-top\">\n<div id=\"gt-res-c\" class=\"g-unit\">\n<div id=\"gt-res-p\">\n<div id=\"gt-res-data\">\n<div id=\"gt-res-wrap\">\n<div id=\"gt-res-content\">\n<div class=\"trans-verified-button-large\" dir=\"ltr\">\u00a0 \u00a0 \u00a0 \u00a0 \u00a0 \u00a0 \u00a0 \u00a0 \u00a0 \u00a0 \u00a0 \u00a0 \u00a0 \u00a0 \u00a0 \u00a0 \u00a0 \u00a0 \u00a0 \u00a0 \u00a0\u00b1\u00a05 %, p\u0159i dob\u011b m\u011b\u0159en\u00ed &gt;10\u00a0s<\/div>\n<div class=\"trans-verified-button-large\" dir=\"ltr\">\u00a0 \u00a0 \u00a0 \u00a0 \u00a0 \u00a0 \u00a0 \u00a0 \u00a0 \u00a0 \u00a0 \u00a0 \u00a0 \u00a0 \u00a0 \u00a0 \u00a0 \u00a0 \u00a0 \u00a0 \u00a0\u00b1\u00a010 %, p\u0159i dob\u011b m\u011b\u0159en\u00ed &gt;2 s<\/div>\n<div dir=\"ltr\"><span id=\"result_box\" class=\"short_text\" lang=\"en\">(pro 1sigma, p\u0159i m\u011b\u0159en\u00ed pozad\u00ed \u1e22*(10)<sub>terrestrial<\/sub> = 70\u00a0nSv\/h)<\/span><\/div>\n<\/div>\n<\/div>\n<\/div>\n<\/div>\n<\/div>\n<\/div>\n<\/div>\n<\/div>\n<\/div>\n<\/form>\n<\/div>\n<\/li>\n<\/ul>\n<figure id=\"attachment_725\" aria-describedby=\"caption-attachment-725\" style=\"width: 3981px\" class=\"wp-caption aligncenter\"><a href=\"https:\/\/i0.wp.com\/www.hhtec.eu\/wp-content\/uploads\/20170311-103424-279-upr.jpg\"><img loading=\"lazy\" class=\"size-full wp-image-725\" src=\"https:\/\/i0.wp.com\/www.hhtec.eu\/wp-content\/uploads\/20170311-103424-279-upr.jpg?resize=474%2C191\" alt=\"\" width=\"474\" height=\"191\" srcset=\"https:\/\/i0.wp.com\/www.hhtec.eu\/wp-content\/uploads\/20170311-103424-279-upr.jpg?w=3981&amp;ssl=1 3981w, https:\/\/i0.wp.com\/www.hhtec.eu\/wp-content\/uploads\/20170311-103424-279-upr.jpg?resize=150%2C60&amp;ssl=1 150w, https:\/\/i0.wp.com\/www.hhtec.eu\/wp-content\/uploads\/20170311-103424-279-upr.jpg?resize=300%2C121&amp;ssl=1 300w, https:\/\/i0.wp.com\/www.hhtec.eu\/wp-content\/uploads\/20170311-103424-279-upr.jpg?resize=768%2C309&amp;ssl=1 768w, https:\/\/i0.wp.com\/www.hhtec.eu\/wp-content\/uploads\/20170311-103424-279-upr.jpg?resize=1024%2C412&amp;ssl=1 1024w, https:\/\/i0.wp.com\/www.hhtec.eu\/wp-content\/uploads\/20170311-103424-279-upr.jpg?w=948 948w, https:\/\/i0.wp.com\/www.hhtec.eu\/wp-content\/uploads\/20170311-103424-279-upr.jpg?w=1422 1422w\" sizes=\"(max-width: 474px) 100vw, 474px\" data-recalc-dims=\"1\" \/><\/a><figcaption id=\"caption-attachment-725\" class=\"wp-caption-text\">HammerHead HH: Silsersee 1796 m.a.s.l., frozen alpine lake, Maloja, Engading, Switzerland<\/figcaption><\/figure>\n<p style=\"text-align: justify;\"><strong><em>HammerHead HH <\/em><\/strong>je ur\u010den pro stanoven\u00ed <em>\u1e22*(10)<\/em> v ter\u00e9nu i v laborato\u0159i, vyzna\u010duje se\u00a0mal\u00fdmi rozm\u011bry a\u00a0n\u00edzkou hmotnost\u00ed. Umo\u017e\u0148uje prov\u00e1d\u011bt precizn\u00ed stacion\u00e1rn\u00ed m\u011b\u0159en\u00ed <em>\u1e22*(10)<\/em>, lze\u00a0pou\u017e\u00edt jako p\u0159enosn\u00fd p\u0159\u00edstroj\u00a0p\u0159i p\u011b\u0161\u00ed poch\u016fzce, pojezdu autem, p\u0159i letu bal\u00f3nem\u00a0nebo letadlem.\u00a0Lze p\u0159ipevnit na pevn\u00fd dr\u017e\u00e1k, stativ, zav\u011bsit na lanko, vlo\u017eit do bat\u016f\u017eku. Lze provozovat on-line s tabletem, ntb nebo autonomn\u011b v re\u017eimu off-line s nap\u00e1jen\u00edm z baterie a ukl\u00e1d\u00e1n\u00edm dat na pam\u011b\u0165ovou kartu. Lze doplnit o podvodn\u00ed pouzdro\u00a0pro m\u011b\u0159en\u00ed pod vodou.<\/p>\n<p style=\"text-align: justify;\">Z\u00e1kladn\u00ed m\u011b\u0159\u00edc\u00ed interval je 1\u00a0s, vlastn\u00ed p\u0159\u00edstrojov\u00e1 chyba je velmi n\u00edzk\u00e1, nejistota m\u011b\u0159en\u00ed je proto ur\u010dov\u00e1na p\u0159edev\u0161\u00edm statistick\u00fdm charakterem detekovan\u00e9ho z\u00e1\u0159en\u00ed. M\u011b\u0159en\u00ed lze prov\u00e1d\u011bt\u00a0i v\u00a0men\u0161\u00edch\u00a0\u010dasov\u00fdch intervalech 1 ms, 10 ms nebo 100 ms.<\/p>\n<p style=\"text-align: justify;\">P\u0159i\u00a0m\u011b\u0159en\u00ed\u00a0na zemsk\u00e9m povrchu umo\u017e\u0148uje <em>HammerHead HH<\/em> stanovit\u00a0 terestri\u00e1ln\u00ed slo\u017eku <em>\u1e22*(10)<sub>terr<\/sub><\/em>\u00a0a kvalifikovan\u011b odhadnout\u00a0<em>\u1e22*(10)<span style=\"font-size: 12px; height: 0px; line-height: 0; position: relative; vertical-align: baseline; top: 0.5ex;\">cosmic <\/span><\/em>od sekund\u00e1rn\u00ed slo\u017eky kosmick\u00e9ho z\u00e1\u0159en\u00ed tvo\u0159en\u00e9 miony, piony, protony, fotony (bez neutron\u016f).<\/p>\n<p style=\"text-align: justify;\"><strong><em>HammerHead HH <\/em><\/strong>byl navr\u017een tak, aby nam\u011b\u0159en\u00e1 hodnota co nejl\u00e9pe odpov\u00eddala\u00a0<a href=\"http:\/\/www.hhtec.eu\/hammer\/cs\/davkovy-ekvivalent-h10\/\"><em><span style=\"color: #3366ff;\">fyzik\u00e1ln\u00ed definici \u1e22*(10)<\/span><\/em><\/a> a\u00a0aby byla spln\u011bna\u00a0i p\u0159\u00edsn\u011bj\u0161\u00ed krit\u00e9ria ne\u017e po\u017eaduje norma IEC 60846\u00a0\u00a0pro m\u011b\u0159i\u010de p\u0159\u00edkonu prostorov\u00e9ho d\u00e1vkov\u00e9ho ekvivalentu.\u00a0\u010casov\u00fd integr\u00e1l\u00a0<em>\u1e22*(10)<\/em> \u2013 prostorov\u00fd d\u00e1vkov\u00fd ekvivalent <em>H*(10)<\/em> je p\u0159itom veli\u010dinou, kter\u00e1 umo\u017e\u0148uje p\u0159\u00edmo ohodnotit m\u00edru biologick\u00fdch \u00fa\u010dink\u016f osob, pokud by setrv\u00e1valy v m\u00edst\u011b m\u011b\u0159en\u00ed a byli vystaveni zevn\u00edmu oz\u00e1\u0159en\u00ed pronikav\u00e9ho z\u00e1\u0159en\u00ed gama, X. Spln\u011bn\u00ed p\u0159\u00edsn\u00fdch po\u017eadavk\u016f na energetickou a sm\u011brovou z\u00e1vislost, dlouhodobou stabilitu, citlivost m\u011b\u0159en\u00ed a odolnost v\u016f\u010di vn\u011bj\u0161\u00edm vliv\u016fm bylo dosa\u017eeno origin\u00e1ln\u00edm technick\u00fdm \u0159e\u0161en\u00edm a pe\u010dliv\u00fdm v\u00fdb\u011brem jednotliv\u00fdch komponent.<\/p>\n<p style=\"text-align: justify;\"><em><strong>HammerHead HH<\/strong><\/em> lze vyu\u017e\u00edt na pracovi\u0161t\u00edch se zdroji z\u00e1\u0159en\u00ed i pro m\u011b\u0159en\u00ed v \u017eivotn\u00edm prost\u0159ed\u00ed. Umo\u017e\u0148uje\u00a0anal\u00fdzu\u00a0radia\u010dn\u00ed situace na z\u00e1klad\u011b monitorov\u00e1n\u00ed\u00a0<em>\u1e22*(10) <\/em>v kr\u00e1tkodob\u00e9m\u00a0\u00a0i dlouhodob\u00e9m \u010dasov\u00e9m horizontu, sledovat dynamiku mal\u00fdch a\/nebo rychl\u00fdch zm\u011bn \u00a0<em>\u1e22*(10),\u00a0<\/em>lokalizovat p\u0159\u00edrodn\u00ed anom\u00e1lie,\u00a0pr\u016fst\u0159ely ve st\u00edn\u011bn\u00ed zdroj\u016f z\u00e1\u0159en\u00ed gama.<\/p>\n<p style=\"text-align: justify;\"><em><strong>HammerHead HH<\/strong><\/em>\u00a0umo\u017e\u0148uje\u00a0prov\u00e1d\u011bt p\u0159esn\u00e9 prostorov\u00e9 mapov\u00e1n\u00ed <em>\u1e22*(10), <\/em>pou\u017e\u00edt pro vyhled\u00e1v\u00e1n\u00ed ztracen\u00e9ho z\u00e1\u0159i\u010de na r\u016fzn\u00fdch \u00farovn\u00edch pozad\u00ed.\u00a0D\u00edky\u00a0rozli\u0161en\u00ed lep\u0161\u00edmu jak 1 nSv\/h p\u0159i stanoven\u00ed <em>\u1e22*(10) <\/em>je pou\u017eiteln\u00fd\u00a0pro d\u016fkazy optimalizace st\u00edn\u011bn\u00ed, hodnocen\u00ed vlivu\u00a0pou\u017e\u00edv\u00e1n\u00ed zdroj\u016f z\u00e1\u0159en\u00ed gama na pracovi\u0161ti i v jeho na okol\u00ed.<\/p>\n<p style=\"text-align: justify;\">V ter\u00e9nu umo\u017e\u0148uje sledovat n\u00e1r\u016fst <em>\u1e22*(10)<\/em>\u00a0v d\u016fsledku spadu \u010di \u00faniku radioaktivity do ovzdu\u0161\u00ed, nebo dynamiku mal\u00fdch zm\u011bn <em>\u1e22*(10)<\/em>\u00a0vyvolanou zm\u011bnou koncentrace dce\u0159in\u00fdch produkt\u016f radonu emituj\u00edc\u00edch z\u00e1\u0159en\u00ed gama.<\/p>\n<p style=\"text-align: justify;\"><a href=\"http:\/\/www.hhtec.eu\/wp-content\/uploads\/Raise-and-Drop-Cs137.jpg\"><span style=\"color: #0066cc;\"><em>Velmi\u00a0rychl\u00e1 odezva<\/em><\/span><\/a>, nulov\u00e1\u00a0mrtv\u00e1 doba\u00a0a dynamick\u00fd rozsah\u00a0m\u011b\u0159en\u00ed\u00a0jej nav\u00edc p\u0159edur\u010duj\u00ed\u00a0i pro anal\u00fdzu\u00a0rychl\u00fdch p\u0159echodov\u00fdch\u00a0a periodick\u00fdch d\u011bj\u016f\u00a0v nestacion\u00e1rn\u00edch fotonov\u00fdch pol\u00edch.<\/p>\n<p style=\"text-align: justify;\"><strong><em>HammerHead HH<\/em><\/strong> umo\u017e\u0148uje studium hlub\u0161\u00edch z\u00e1konitost\u00ed\u00a0p\u0159irozen\u00e9\u00a0radioaktivity z\u00e1\u0159en\u00ed gama v r\u016fzn\u00fdch prost\u0159ed\u00edch.<\/p>\n<p style=\"text-align: justify;\">P\u0159i rozli\u0161en\u00ed terestri\u00e1ln\u00ed a kosmick\u00e9 slo\u017eky lze\u00a0sledovat pr\u016fb\u011bh <a href=\"http:\/\/www.hhtec.eu\/wp-content\/uploads\/Terrain-and-Conrete-Building.jpg\"><em><span style=\"color: #0066cc;\">\u1e22*(10)<\/span><\/em><span style=\"color: #0066cc;\"> v\u00a0ter\u00e9nu a\u00a0uvnit\u0159\u00a0budov<\/span><\/a>, zab\u00fdvat se vlivem\u00a0podlo\u017e\u00ed, tvaru ter\u00e9nu, m\u011bstsk\u00e9 z\u00e1stavby, vlivem meteorologick\u00fdch faktor\u016f jako barometrick\u00fd tlak, vlhkost, bou\u0159kov\u00e1 fronta, d\u00e9\u0161\u0165, sn\u011b\u017een\u00ed, v\u00edtr,\u00a0 obla\u010dnost, mlha,\u00a0pra\u0161nost\u00a0v ovzdu\u0161\u00ed, vzd\u00e1len\u00fd spad, v\u00fd\u0161ka sn\u011bhov\u00e9 pokr\u00fdvky.\u00a0Je mo\u017eno\u00a0sledovat z\u00e1vislost <em>\u1e22*(10) <\/em>na nadmo\u0159sk\u00e9 v\u00fd\u0161ce\u00a0ter\u00e9nu nebo p\u0159i\u00a0 letu v bal\u00f3nu \u010di v letadle.<\/p>\n<p style=\"text-align: justify;\">Umo\u017e\u0148uje m\u011b\u0159it <a href=\"http:\/\/www.hhtec.eu\/hammer\/cs\/vliv-radonu-na-%e1%b8%a310-v-budove\/\"><span style=\"color: #3366ff;\">p\u0159\u00edsp\u011bvek\u00a0k zevn\u00edmu oz\u00e1\u0159en\u00ed od dce\u0159in\u00fdch produkt\u016f radonu <\/span><\/a>(emituj\u00edc\u00edch z\u00e1\u0159en\u00ed gama) p\u0159i jejich hromad\u011bn\u00ed v m\u00edstnostech\u00a0nebo mapovat prostorov\u00e9 rozlo\u017een\u00ed fotonov\u00fdch pol\u00ed s n\u00edzk\u00fdm gradientem \u1e22*(10), vytv\u00e1\u0159en\u00ed 2D nebo 3D map pr\u016fb\u011bhu\u00a0 \u00a0\u1e22*(10) v pobytov\u00fdch m\u00edstnostech, laborato\u0159\u00edch, ter\u00e9nu, atd.<\/p>\n<p style=\"text-align: justify;\">Je vhodn\u00fd\u00a0i pro prov\u00e1d\u011bn\u00ed\u00a0n\u00edzkopoza\u010fov\u00fdch m\u011b\u0159en\u00ed v ter\u00e9nu, na vodn\u00ed hladin\u011b, v tunelech, jeskyn\u00edch, soln\u00fdch dolech.<\/p>\n<p style=\"text-align: justify;\"><a href=\"https:\/\/i1.wp.com\/www.hhtec.eu\/wp-content\/uploads\/007.jpg\"><img loading=\"lazy\" class=\"aligncenter wp-image-224 size-large\" src=\"https:\/\/i1.wp.com\/www.hhtec.eu\/wp-content\/uploads\/007.jpg?resize=474%2C356\" alt=\"\" width=\"474\" height=\"356\" srcset=\"https:\/\/i1.wp.com\/www.hhtec.eu\/wp-content\/uploads\/007.jpg?resize=1024%2C768&amp;ssl=1 1024w, https:\/\/i1.wp.com\/www.hhtec.eu\/wp-content\/uploads\/007.jpg?resize=150%2C113&amp;ssl=1 150w, https:\/\/i1.wp.com\/www.hhtec.eu\/wp-content\/uploads\/007.jpg?resize=300%2C225&amp;ssl=1 300w, https:\/\/i1.wp.com\/www.hhtec.eu\/wp-content\/uploads\/007.jpg?resize=768%2C576&amp;ssl=1 768w, https:\/\/i1.wp.com\/www.hhtec.eu\/wp-content\/uploads\/007.jpg?resize=200%2C150&amp;ssl=1 200w, https:\/\/i1.wp.com\/www.hhtec.eu\/wp-content\/uploads\/007.jpg?w=2000&amp;ssl=1 2000w, https:\/\/i1.wp.com\/www.hhtec.eu\/wp-content\/uploads\/007.jpg?w=948 948w, https:\/\/i1.wp.com\/www.hhtec.eu\/wp-content\/uploads\/007.jpg?w=1422 1422w\" sizes=\"(max-width: 474px) 100vw, 474px\" data-recalc-dims=\"1\" \/><\/a><\/p>\n<p style=\"text-align: justify;\">Copyright \u00a9 2020 www.hhtec.eu<\/p>\n","protected":false},"excerpt":{"rendered":"<p>M\u011b\u0159idlo pro p\u0159esn\u00e9 m\u011b\u0159en\u00ed p\u0159\u00edkonu\u00a0prostorov\u00e9ho d\u00e1vkov\u00e9ho ekvivalentu \u1e22*(10) z\u00e1\u0159en\u00ed gama a\u00a0X, s vysokou citlivost\u00ed, \u0161irok\u00fdm rozsahem m\u011b\u0159en\u00ed, rychlou odezvou a dlouhodobou stabilitou. P\u0159i m\u011b\u0159en\u00ed na zemsk\u00e9m povrchu umo\u017e\u0148uje stanoven\u00ed\u00a0 terestri\u00e1ln\u00ed slo\u017eky z\u00e1\u0159en\u00ed \u1e22*(10)terr\u00a0 a kvalifikovan\u00fd odhad\u00a0\u1e22*(10)cosmic od sekund\u00e1rn\u00ed slo\u017eky kosmick\u00e9ho z\u00e1\u0159en\u00ed tvo\u0159en\u00e9 miony, piony, protony a fotony (bez neutron\u016f). Umo\u017e\u0148uje mapov\u00e1n\u00ed\u00a0\u1e22*(10) ve stacion\u00e1rn\u00edch pol\u00edch z\u00e1\u0159en\u00ed, &hellip; <a href=\"https:\/\/www.hhtec.eu\/hammer\/cs\/hammer\/\" class=\"more-link\">Pokra\u010dov\u00e1n\u00ed textu <span class=\"screen-reader-text\">HammerHead HH<\/span> <span class=\"meta-nav\">&rarr;<\/span><\/a><\/p>\n","protected":false},"author":1,"featured_media":0,"parent":0,"menu_order":0,"comment_status":"closed","ping_status":"closed","template":"","meta":{"spay_email":""},"jetpack_sharing_enabled":true,"jetpack_shortlink":"https:\/\/wp.me\/P7T0YT-1c","_links":{"self":[{"href":"https:\/\/www.hhtec.eu\/hammer\/wp-json\/wp\/v2\/pages\/74"}],"collection":[{"href":"https:\/\/www.hhtec.eu\/hammer\/wp-json\/wp\/v2\/pages"}],"about":[{"href":"https:\/\/www.hhtec.eu\/hammer\/wp-json\/wp\/v2\/types\/page"}],"author":[{"embeddable":true,"href":"https:\/\/www.hhtec.eu\/hammer\/wp-json\/wp\/v2\/users\/1"}],"replies":[{"embeddable":true,"href":"https:\/\/www.hhtec.eu\/hammer\/wp-json\/wp\/v2\/comments?post=74"}],"version-history":[{"count":143,"href":"https:\/\/www.hhtec.eu\/hammer\/wp-json\/wp\/v2\/pages\/74\/revisions"}],"predecessor-version":[{"id":1416,"href":"https:\/\/www.hhtec.eu\/hammer\/wp-json\/wp\/v2\/pages\/74\/revisions\/1416"}],"wp:attachment":[{"href":"https:\/\/www.hhtec.eu\/hammer\/wp-json\/wp\/v2\/media?parent=74"}],"curies":[{"name":"wp","href":"https:\/\/api.w.org\/{rel}","templated":true}]}}