{"id":1192,"date":"2018-04-29T10:37:37","date_gmt":"2018-04-29T09:37:37","guid":{"rendered":"http:\/\/www.hhtec.eu\/hammer\/?page_id=1192"},"modified":"2018-07-16T16:24:08","modified_gmt":"2018-07-16T15:24:08","slug":"low-background-in-serpentinite-quarry","status":"publish","type":"page","link":"https:\/\/www.hhtec.eu\/hammer\/en\/low-background-in-serpentinite-quarry\/","title":{"rendered":"Low Background Radiation in Serpentinite Quarry"},"content":{"rendered":"<div id=\"gt-res-content\">\n<div class=\"trans-verified-button-small\" dir=\"ltr\" style=\"text-align: justify;\"><span id=\"result_box\" lang=\"en\">Stationary measurements in a quarry where the serpentinite was previously extracted. <\/span><\/div>\n<div class=\"trans-verified-button-small\" dir=\"ltr\" style=\"text-align: justify;\"><\/div>\n<\/div>\n<div id=\"gt-c\" class=\"g-section\">\n<div id=\"gt-form-c\">\n<form id=\"gt-form\" action=\"\/\" enctype=\"application\/x-www-form-urlencoded\" method=\"post\" name=\"text_form\">\n<div id=\"gt-text-all\">\n<div id=\"gt-main\">\n<div id=\"gt-text-c\">\n<div id=\"gt-text-top\">\n<div id=\"gt-res-c\" class=\"g-unit\">\n<div id=\"gt-res-p\">\n<div id=\"gt-res-data\">\n<div id=\"gt-res-wrap\">\n<div id=\"gt-res-content\">\n<div id=\"gt-res-dir-ctr\" class=\"trans-verified-button-small\" dir=\"ltr\"><span id=\"gt-res-error\"><a href=\"https:\/\/i2.wp.com\/www.hhtec.eu\/wp-content\/uploads\/Gw-007-Low-Natural-Radiation-om\u0144-Serpenite-Quarry.jpg\"><img loading=\"lazy\" class=\"wp-image-1243 size-full aligncenter\" src=\"https:\/\/i2.wp.com\/www.hhtec.eu\/wp-content\/uploads\/Gw-007-Low-Natural-Radiation-om\u0144-Serpenite-Quarry.jpg?resize=474%2C306\" alt=\"\" width=\"474\" height=\"306\" srcset=\"https:\/\/i2.wp.com\/www.hhtec.eu\/wp-content\/uploads\/Gw-007-Low-Natural-Radiation-om\u0144-Serpenite-Quarry.jpg?w=977&amp;ssl=1 977w, https:\/\/i2.wp.com\/www.hhtec.eu\/wp-content\/uploads\/Gw-007-Low-Natural-Radiation-om\u0144-Serpenite-Quarry.jpg?resize=150%2C97&amp;ssl=1 150w, https:\/\/i2.wp.com\/www.hhtec.eu\/wp-content\/uploads\/Gw-007-Low-Natural-Radiation-om\u0144-Serpenite-Quarry.jpg?resize=600%2C388&amp;ssl=1 600w, https:\/\/i2.wp.com\/www.hhtec.eu\/wp-content\/uploads\/Gw-007-Low-Natural-Radiation-om\u0144-Serpenite-Quarry.jpg?resize=768%2C496&amp;ssl=1 768w\" sizes=\"(max-width: 474px) 100vw, 474px\" data-recalc-dims=\"1\" \/><\/a><\/span><\/div>\n<\/div>\n<\/div>\n<\/div>\n<div dir=\"ltr\" style=\"text-align: justify;\"><span id=\"result_box\" lang=\"en\">It is a demonstration that\u00a0terrestrial low-site locations can be found on the Earth&#8217;s surface. Serpentinite is one of the rocks with low content of primordial radionuclides (K-40, Th-232, U-238, Ra-226).<\/span><\/div>\n<div id=\"gt-res-data\">\n<div id=\"gt-res-wrap\">\n<div id=\"gt-res-tools\">\n<div id=\"gt-res-tools-l\">\n<div id=\"gt-pb-star\">\n<div class=\"goog-toolbar-button goog-inline-block trans-pb-button\" tabindex=\"0\" role=\"button\" aria-hidden=\"false\" aria-label=\"Ukl\u00e1dat do slovn\u00edku fr\u00e1z\u00ed m\u016f\u017eete po p\u0159ihl\u00e1\u0161en\u00ed\" data-tooltip=\"Ukl\u00e1dat do slovn\u00edku fr\u00e1z\u00ed m\u016f\u017eete po p\u0159ihl\u00e1\u0161en\u00ed\" data-tooltip-align=\"t,c\"><\/div>\n<\/div>\n<\/div>\n<\/div>\n<\/div>\n<\/div>\n<\/div>\n<\/div>\n<\/div>\n<\/div>\n<\/div>\n<\/div>\n<\/form>\n<\/div>\n<\/div>\n","protected":false},"excerpt":{"rendered":"<p>Stationary measurements in a quarry where the serpentinite was previously extracted. It is a demonstration that\u00a0terrestrial low-site locations can be found on the Earth&#8217;s surface. Serpentinite is one of the rocks with low content of primordial radionuclides (K-40, Th-232, U-238, Ra-226).<\/p>\n","protected":false},"author":1,"featured_media":0,"parent":0,"menu_order":0,"comment_status":"closed","ping_status":"closed","template":"","meta":{"spay_email":""},"jetpack_sharing_enabled":true,"jetpack_shortlink":"https:\/\/wp.me\/P7T0YT-je","_links":{"self":[{"href":"https:\/\/www.hhtec.eu\/hammer\/wp-json\/wp\/v2\/pages\/1192"}],"collection":[{"href":"https:\/\/www.hhtec.eu\/hammer\/wp-json\/wp\/v2\/pages"}],"about":[{"href":"https:\/\/www.hhtec.eu\/hammer\/wp-json\/wp\/v2\/types\/page"}],"author":[{"embeddable":true,"href":"https:\/\/www.hhtec.eu\/hammer\/wp-json\/wp\/v2\/users\/1"}],"replies":[{"embeddable":true,"href":"https:\/\/www.hhtec.eu\/hammer\/wp-json\/wp\/v2\/comments?post=1192"}],"version-history":[{"count":5,"href":"https:\/\/www.hhtec.eu\/hammer\/wp-json\/wp\/v2\/pages\/1192\/revisions"}],"predecessor-version":[{"id":1293,"href":"https:\/\/www.hhtec.eu\/hammer\/wp-json\/wp\/v2\/pages\/1192\/revisions\/1293"}],"wp:attachment":[{"href":"https:\/\/www.hhtec.eu\/hammer\/wp-json\/wp\/v2\/media?parent=1192"}],"curies":[{"name":"wp","href":"https:\/\/api.w.org\/{rel}","templated":true}]}}