{"id":1035,"date":"2018-03-14T22:10:02","date_gmt":"2018-03-14T21:10:02","guid":{"rendered":"http:\/\/www.hhtec.eu\/hammer\/?page_id=1035"},"modified":"2018-03-18T18:35:49","modified_gmt":"2018-03-18T17:35:49","slug":"radiace-v-prazskem-metru","status":"publish","type":"page","link":"https:\/\/www.hhtec.eu\/hammer\/cs\/radiace-v-prazskem-metru\/","title":{"rendered":"Radiace v pra\u017esk\u00e9m metru"},"content":{"rendered":"<p><a href=\"https:\/\/i2.wp.com\/www.hhtec.eu\/wp-content\/uploads\/Underground-Radiation-Hrad\u010dansk\u00e1.jpg\"><img loading=\"lazy\" class=\"aligncenter size-full wp-image-442\" src=\"https:\/\/i2.wp.com\/www.hhtec.eu\/wp-content\/uploads\/Underground-Radiation-Hrad\u010dansk\u00e1.jpg?resize=474%2C307\" alt=\"\" width=\"474\" height=\"307\" srcset=\"https:\/\/i2.wp.com\/www.hhtec.eu\/wp-content\/uploads\/Underground-Radiation-Hrad\u010dansk\u00e1.jpg?w=977&amp;ssl=1 977w, https:\/\/i2.wp.com\/www.hhtec.eu\/wp-content\/uploads\/Underground-Radiation-Hrad\u010dansk\u00e1.jpg?resize=150%2C97&amp;ssl=1 150w, https:\/\/i2.wp.com\/www.hhtec.eu\/wp-content\/uploads\/Underground-Radiation-Hrad\u010dansk\u00e1.jpg?resize=300%2C194&amp;ssl=1 300w, https:\/\/i2.wp.com\/www.hhtec.eu\/wp-content\/uploads\/Underground-Radiation-Hrad\u010dansk\u00e1.jpg?resize=768%2C497&amp;ssl=1 768w, https:\/\/i2.wp.com\/www.hhtec.eu\/wp-content\/uploads\/Underground-Radiation-Hrad\u010dansk\u00e1.jpg?resize=200%2C129&amp;ssl=1 200w\" sizes=\"(max-width: 474px) 100vw, 474px\" data-recalc-dims=\"1\" \/><\/a><\/p>\n<p style=\"text-align: justify;\">Ji\u017e kr\u00e1tk\u00e9 m\u011b\u0159en\u00ed <em>\u1e22*(10)<\/em> v hloubce 43 m pod povrchem\u00a0uk\u00e1\u017ee, \u017ee v podzem\u00ed kosmick\u00e1 slo\u017eka v\u00fdrazn\u011b kles\u00e1. Na stanici\u00a0pra\u017esk\u00e9ho metra Hrad\u010dansk\u00e1 lze nam\u011b\u0159it pr\u016fm\u011brnou hodnotu 1,2 nSv\/h.\u00a0V\u00fdrazn\u011b vy\u0161\u0161\u00ed terestri\u00e1ln\u00ed slo\u017eka 123 nSv\/h\u00a0v podzemn\u00ed stanici\u00a0je d\u00e1na zejm\u00e9na primordi\u00e1ln\u00edmi radionuklidy obsa\u017een\u00fdmi v dla\u017eb\u011b z\u00a0\u017euly\u00a0slezsk\u00e9,\u00a0koz\u00e1rovick\u00e9,\u00a0hud\u010dick\u00e9\u00a0a\u00a0pa\u0161tick\u00e9 (sloupy a ost\u011bn\u00ed jsou &#8222;jen&#8220; z mramoru a v\u00e1pence).<\/p>\n","protected":false},"excerpt":{"rendered":"<p>Ji\u017e kr\u00e1tk\u00e9 m\u011b\u0159en\u00ed \u1e22*(10) v hloubce 43 m pod povrchem\u00a0uk\u00e1\u017ee, \u017ee v podzem\u00ed kosmick\u00e1 slo\u017eka v\u00fdrazn\u011b kles\u00e1. Na stanici\u00a0pra\u017esk\u00e9ho metra Hrad\u010dansk\u00e1 lze nam\u011b\u0159it pr\u016fm\u011brnou hodnotu 1,2 nSv\/h.\u00a0V\u00fdrazn\u011b vy\u0161\u0161\u00ed terestri\u00e1ln\u00ed slo\u017eka 123 nSv\/h\u00a0v podzemn\u00ed stanici\u00a0je d\u00e1na zejm\u00e9na primordi\u00e1ln\u00edmi radionuklidy obsa\u017een\u00fdmi v dla\u017eb\u011b z\u00a0\u017euly\u00a0slezsk\u00e9,\u00a0koz\u00e1rovick\u00e9,\u00a0hud\u010dick\u00e9\u00a0a\u00a0pa\u0161tick\u00e9 (sloupy a ost\u011bn\u00ed jsou &#8222;jen&#8220; z mramoru a v\u00e1pence).<\/p>\n","protected":false},"author":1,"featured_media":0,"parent":0,"menu_order":0,"comment_status":"closed","ping_status":"closed","template":"","meta":{"spay_email":""},"jetpack_sharing_enabled":true,"jetpack_shortlink":"https:\/\/wp.me\/P7T0YT-gH","_links":{"self":[{"href":"https:\/\/www.hhtec.eu\/hammer\/wp-json\/wp\/v2\/pages\/1035"}],"collection":[{"href":"https:\/\/www.hhtec.eu\/hammer\/wp-json\/wp\/v2\/pages"}],"about":[{"href":"https:\/\/www.hhtec.eu\/hammer\/wp-json\/wp\/v2\/types\/page"}],"author":[{"embeddable":true,"href":"https:\/\/www.hhtec.eu\/hammer\/wp-json\/wp\/v2\/users\/1"}],"replies":[{"embeddable":true,"href":"https:\/\/www.hhtec.eu\/hammer\/wp-json\/wp\/v2\/comments?post=1035"}],"version-history":[{"count":3,"href":"https:\/\/www.hhtec.eu\/hammer\/wp-json\/wp\/v2\/pages\/1035\/revisions"}],"predecessor-version":[{"id":1089,"href":"https:\/\/www.hhtec.eu\/hammer\/wp-json\/wp\/v2\/pages\/1035\/revisions\/1089"}],"wp:attachment":[{"href":"https:\/\/www.hhtec.eu\/hammer\/wp-json\/wp\/v2\/media?parent=1035"}],"curies":[{"name":"wp","href":"https:\/\/api.w.org\/{rel}","templated":true}]}}