{"id":1019,"date":"2018-03-14T21:41:09","date_gmt":"2018-03-14T20:41:09","guid":{"rendered":"http:\/\/www.hhtec.eu\/hammer\/?page_id=1019"},"modified":"2018-06-27T21:21:42","modified_gmt":"2018-06-27T20:21:42","slug":"radiace-pri-pesi-pochuzce","status":"publish","type":"page","link":"https:\/\/www.hhtec.eu\/hammer\/cs\/radiace-pri-pesi-pochuzce\/","title":{"rendered":"M\u011b\u0159en\u00ed radioaktivity v ter\u00e9nu"},"content":{"rendered":"<h1 style=\"text-align: justify;\">Radioaktivita v \u017eivotn\u00edm prost\u0159ed\u00ed &#8211; m\u011b\u0159en\u00ed z\u00e1\u0159en\u00ed gama &#8211; m\u011b\u0159en\u00ed d\u00e1vkov\u00e9ho p\u0159\u00edkonu &#8211; m\u011b\u0159en\u00ed p\u0159\u00edkonu d\u00e1vkov\u00e9ho ekvivalentu\u00a0<em>\u1e22*(10 )<\/em><\/h1>\n<p><a href=\"https:\/\/i0.wp.com\/www.hhtec.eu\/wp-content\/uploads\/Gw-001-1.jpg\"><img loading=\"lazy\" class=\"aligncenter wp-image-1211 size-full\" src=\"https:\/\/i0.wp.com\/www.hhtec.eu\/wp-content\/uploads\/Gw-001-1.jpg?resize=474%2C305\" alt=\"\" width=\"474\" height=\"305\" srcset=\"https:\/\/i0.wp.com\/www.hhtec.eu\/wp-content\/uploads\/Gw-001-1.jpg?w=972&amp;ssl=1 972w, https:\/\/i0.wp.com\/www.hhtec.eu\/wp-content\/uploads\/Gw-001-1.jpg?resize=150%2C97&amp;ssl=1 150w, https:\/\/i0.wp.com\/www.hhtec.eu\/wp-content\/uploads\/Gw-001-1.jpg?resize=600%2C386&amp;ssl=1 600w, https:\/\/i0.wp.com\/www.hhtec.eu\/wp-content\/uploads\/Gw-001-1.jpg?resize=768%2C495&amp;ssl=1 768w\" sizes=\"(max-width: 474px) 100vw, 474px\" data-recalc-dims=\"1\" \/><\/a><\/p>\n<p>M\u011b\u0159en\u00ed p\u0159\u00edkonu d\u00e1vkov\u00e9ho ekvivalentu\u00a0<em>\u1e22*(10 )<\/em>\u00a0p\u0159i p\u011b\u0161\u00ed proch\u00e1zce ter\u00e9nem poskytne rychlou informaci o vlivu podlo\u017e\u00ed na terestri\u00e1ln\u00ed slo\u017eku radiace<em>.<\/em> Kamenivo na cest\u011b m\u016f\u017ee v\u00fdrazn\u011b p\u0159isp\u011bt ke zv\u00fd\u0161en\u00ed radia\u010dn\u00edho\u00a0pozad\u00ed, naopak na rozhran\u00ed b\u0159ehu a vodn\u00ed hladiny terestri\u00e1ln\u00ed slo\u017eka p\u0159\u00edrodn\u00ed radiace kles\u00e1 na velmi n\u00edzk\u00e9 hodnoty (jezero Barbora, Old\u0159ichov u Teplic).<\/p>\n","protected":false},"excerpt":{"rendered":"<p>Radioaktivita v \u017eivotn\u00edm prost\u0159ed\u00ed &#8211; m\u011b\u0159en\u00ed z\u00e1\u0159en\u00ed gama &#8211; m\u011b\u0159en\u00ed d\u00e1vkov\u00e9ho p\u0159\u00edkonu &#8211; m\u011b\u0159en\u00ed p\u0159\u00edkonu d\u00e1vkov\u00e9ho ekvivalentu\u00a0\u1e22*(10 ) M\u011b\u0159en\u00ed p\u0159\u00edkonu d\u00e1vkov\u00e9ho ekvivalentu\u00a0\u1e22*(10 )\u00a0p\u0159i p\u011b\u0161\u00ed proch\u00e1zce ter\u00e9nem poskytne rychlou informaci o vlivu podlo\u017e\u00ed na terestri\u00e1ln\u00ed slo\u017eku radiace. Kamenivo na cest\u011b m\u016f\u017ee v\u00fdrazn\u011b p\u0159isp\u011bt ke zv\u00fd\u0161en\u00ed radia\u010dn\u00edho\u00a0pozad\u00ed, naopak na rozhran\u00ed b\u0159ehu a vodn\u00ed hladiny terestri\u00e1ln\u00ed slo\u017eka p\u0159\u00edrodn\u00ed &hellip; <a href=\"https:\/\/www.hhtec.eu\/hammer\/cs\/radiace-pri-pesi-pochuzce\/\" class=\"more-link\">Pokra\u010dov\u00e1n\u00ed textu <span class=\"screen-reader-text\">M\u011b\u0159en\u00ed radioaktivity v ter\u00e9nu<\/span> <span class=\"meta-nav\">&rarr;<\/span><\/a><\/p>\n","protected":false},"author":1,"featured_media":0,"parent":0,"menu_order":0,"comment_status":"closed","ping_status":"closed","template":"","meta":{"spay_email":""},"jetpack_sharing_enabled":true,"jetpack_shortlink":"https:\/\/wp.me\/P7T0YT-gr","_links":{"self":[{"href":"https:\/\/www.hhtec.eu\/hammer\/wp-json\/wp\/v2\/pages\/1019"}],"collection":[{"href":"https:\/\/www.hhtec.eu\/hammer\/wp-json\/wp\/v2\/pages"}],"about":[{"href":"https:\/\/www.hhtec.eu\/hammer\/wp-json\/wp\/v2\/types\/page"}],"author":[{"embeddable":true,"href":"https:\/\/www.hhtec.eu\/hammer\/wp-json\/wp\/v2\/users\/1"}],"replies":[{"embeddable":true,"href":"https:\/\/www.hhtec.eu\/hammer\/wp-json\/wp\/v2\/comments?post=1019"}],"version-history":[{"count":7,"href":"https:\/\/www.hhtec.eu\/hammer\/wp-json\/wp\/v2\/pages\/1019\/revisions"}],"predecessor-version":[{"id":1287,"href":"https:\/\/www.hhtec.eu\/hammer\/wp-json\/wp\/v2\/pages\/1019\/revisions\/1287"}],"wp:attachment":[{"href":"https:\/\/www.hhtec.eu\/hammer\/wp-json\/wp\/v2\/media?parent=1019"}],"curies":[{"name":"wp","href":"https:\/\/api.w.org\/{rel}","templated":true}]}}