{"id":967,"date":"2018-03-04T09:18:02","date_gmt":"2018-03-04T08:18:02","guid":{"rendered":"http:\/\/www.hhtec.eu\/hammer\/?page_id=967"},"modified":"2019-01-10T14:13:58","modified_gmt":"2019-01-10T13:13:58","slug":"hammerhead-hh","status":"publish","type":"page","link":"http:\/\/www.hhtec.eu\/hammer\/en\/hammerhead-hh\/","title":{"rendered":"HammerHead HH"},"content":{"rendered":"<p style=\"text-align: justify;\"><span id=\"result_box\" lang=\"en\">is a wide range scintilation meter of strong radiation designed for high precision ambient dose equivalent rate measurements \u1e22*(10)<\/span><\/p>\n<ul>\n<li><span id=\"result_box\" lang=\"en\">5 nSv\/h to 10 mSv\/h ambient dose equivalent rate range<\/span>\n<ul>\n<li><span id=\"result_box\" lang=\"en\">option up to 10 Sv\/h\u00a0<\/span><\/li>\n<\/ul>\n<\/li>\n<li style=\"text-align: justify;\"><span id=\"result_box\" lang=\"en\">50 keV to 8 MeV wide\u00a0<\/span><span id=\"result_box\" lang=\"en\">energy range for photons<\/span><\/li>\n<li>-135\u00b0 &#8230; +135\u00b0 sphere angular response<\/li>\n<li>-25 &#8230; +50 \u00b0C temperature range<\/li>\n<li>overload up to 30 Sv\/h<\/li>\n<li>1 nSv\/h sensitivity<\/li>\n<li>1 s measure interval (optional 1 ms,\u00a0 10 ms, 100 ms)<\/li>\n<li>fast response\u00a03 ms \/\u00a04 decades<\/li>\n<li>small dimension: \u00f8 80 mm x 320 mm<\/li>\n<li>small weight: 1.6 kg<\/li>\n<li>measure system without dead time<\/li>\n<li>short and long term stability<\/li>\n<li>discrimination terestrial and cosmic radiation\n<ul>\n<li>Uncertainty of type A measurement (for 1sigma and \u1e22*(10)<sub>terrestrial<\/sub> = 70\u00a0nSv\/h):<\/li>\n<li>\u00b1\u00a01 %, for measurement time &gt; 300 s<\/li>\n<li>\u00b1\u00a05 %, for measuerement time &gt; 10\u00a0s\n<div id=\"gt-c\" class=\"g-section\">\n<div id=\"gt-form-c\">\n<form id=\"gt-form\" action=\"\/\" enctype=\"application\/x-www-form-urlencoded\" method=\"post\" name=\"text_form\">\n<div id=\"gt-text-all\">\n<div id=\"gt-main\">\n<div id=\"gt-text-c\">\n<div id=\"gt-text-top\">\n<div id=\"gt-res-c\" class=\"g-unit\">\n<div id=\"gt-res-p\"><\/div>\n<\/div>\n<\/div>\n<\/div>\n<\/div>\n<\/div>\n<\/form>\n<\/div>\n<\/div>\n<p><figure id=\"attachment_725\" aria-describedby=\"caption-attachment-725\" style=\"width: 800px\" class=\"wp-caption aligncenter\"><a href=\"https:\/\/i0.wp.com\/www.hhtec.eu\/wp-content\/uploads\/20170311-103424-279-upr.jpg\"><img loading=\"lazy\" class=\"wp-image-725\" src=\"https:\/\/i0.wp.com\/www.hhtec.eu\/wp-content\/uploads\/20170311-103424-279-upr.jpg?resize=474%2C191\" alt=\"\" width=\"474\" height=\"191\" srcset=\"https:\/\/i0.wp.com\/www.hhtec.eu\/wp-content\/uploads\/20170311-103424-279-upr.jpg?resize=1024%2C412 1024w, https:\/\/i0.wp.com\/www.hhtec.eu\/wp-content\/uploads\/20170311-103424-279-upr.jpg?resize=150%2C60 150w, https:\/\/i0.wp.com\/www.hhtec.eu\/wp-content\/uploads\/20170311-103424-279-upr.jpg?resize=300%2C121 300w, https:\/\/i0.wp.com\/www.hhtec.eu\/wp-content\/uploads\/20170311-103424-279-upr.jpg?resize=768%2C309 768w, https:\/\/i0.wp.com\/www.hhtec.eu\/wp-content\/uploads\/20170311-103424-279-upr.jpg?w=948 948w, https:\/\/i0.wp.com\/www.hhtec.eu\/wp-content\/uploads\/20170311-103424-279-upr.jpg?w=1422 1422w\" sizes=\"(max-width: 474px) 100vw, 474px\" data-recalc-dims=\"1\" \/><\/a><figcaption id=\"caption-attachment-725\" class=\"wp-caption-text\">HammerHead HH: Silsersee 1796 m.a.s.l., frozen alpine lake, Maloja, Engading, Switzerland<\/figcaption><\/figure><\/li>\n<\/ul>\n<\/li>\n<\/ul>\n<div id=\"gt-c\" class=\"g-section\">\n<div id=\"gt-form-c\">\n<form id=\"gt-form\" action=\"\/\" enctype=\"application\/x-www-form-urlencoded\" method=\"post\" name=\"text_form\">\n<div id=\"gt-text-all\">\n<div id=\"gt-main\">\n<div id=\"gt-text-c\">\n<div id=\"gt-text-top\">\n<div id=\"gt-res-c\" class=\"g-unit\">\n<div id=\"gt-res-p\">\n<div id=\"gt-res-data\">\n<div id=\"gt-res-wrap\"><\/div>\n<\/div>\n<\/div>\n<\/div>\n<\/div>\n<\/div>\n<\/div>\n<\/div>\n<\/form>\n<\/div>\n<\/div>\n","protected":false},"excerpt":{"rendered":"<p>is a wide range scintilation meter of strong radiation designed for high precision ambient dose equivalent rate measurements \u1e22*(10) 5 nSv\/h to 10 mSv\/h ambient dose equivalent rate range option up to 10 Sv\/h\u00a0 50 keV to 8 MeV wide\u00a0energy range for photons -135\u00b0 &#8230; +135\u00b0 sphere angular response -25 &#8230; +50 \u00b0C temperature range &hellip; <a href=\"http:\/\/www.hhtec.eu\/hammer\/en\/hammerhead-hh\/\" class=\"more-link\">Pokra\u010dov\u00e1n\u00ed textu <span class=\"screen-reader-text\">HammerHead HH<\/span> <span class=\"meta-nav\">&rarr;<\/span><\/a><\/p>\n","protected":false},"author":1,"featured_media":0,"parent":0,"menu_order":0,"comment_status":"closed","ping_status":"closed","template":"","meta":{"spay_email":""},"jetpack_sharing_enabled":true,"jetpack_shortlink":"https:\/\/wp.me\/P7T0YT-fB","_links":{"self":[{"href":"http:\/\/www.hhtec.eu\/hammer\/wp-json\/wp\/v2\/pages\/967"}],"collection":[{"href":"http:\/\/www.hhtec.eu\/hammer\/wp-json\/wp\/v2\/pages"}],"about":[{"href":"http:\/\/www.hhtec.eu\/hammer\/wp-json\/wp\/v2\/types\/page"}],"author":[{"embeddable":true,"href":"http:\/\/www.hhtec.eu\/hammer\/wp-json\/wp\/v2\/users\/1"}],"replies":[{"embeddable":true,"href":"http:\/\/www.hhtec.eu\/hammer\/wp-json\/wp\/v2\/comments?post=967"}],"version-history":[{"count":11,"href":"http:\/\/www.hhtec.eu\/hammer\/wp-json\/wp\/v2\/pages\/967\/revisions"}],"predecessor-version":[{"id":1329,"href":"http:\/\/www.hhtec.eu\/hammer\/wp-json\/wp\/v2\/pages\/967\/revisions\/1329"}],"wp:attachment":[{"href":"http:\/\/www.hhtec.eu\/hammer\/wp-json\/wp\/v2\/media?parent=967"}],"curies":[{"name":"wp","href":"https:\/\/api.w.org\/{rel}","templated":true}]}}