{"id":814,"date":"2017-11-22T22:01:32","date_gmt":"2017-11-22T21:01:32","guid":{"rendered":"http:\/\/www.hhtec.eu\/hammer\/?page_id=814"},"modified":"2018-01-22T22:10:26","modified_gmt":"2018-01-22T21:10:26","slug":"mereni-v-rd","status":"publish","type":"page","link":"http:\/\/www.hhtec.eu\/hammer\/cs\/mereni-v-rd\/","title":{"rendered":"Radiace uvnit\u0159 domu"},"content":{"rendered":"<p style=\"text-align: justify;\"><em><strong>HammerHead<\/strong><\/em><strong><i>\u00a0HH <\/i><\/strong>umo\u017e\u0148uje p\u0159i\u00a0poch\u016fzce\u00a0rodinn\u00fdm domem prov\u00e9st kontinu\u00e1ln\u00ed m\u011b\u0159en\u00ed\u00a0gama radiace\u00a0\u00a0se z\u00e1znamem hodnot\u00a0v 1 s intervalech. T\u00edm lze z\u00edskat rychlou informaci o lok\u00e1ln\u00edch maximech a optimalizovat v\u00fdb\u011br m\u011b\u0159\u00edc\u00edch m\u00edst pro um\u00edst\u011bn\u00ed m\u011b\u0159idla.\u00a0Ve vybran\u00fdch m\u00edstech lze pak prov\u00e9st p\u0159esn\u00e9 stacion\u00e1rn\u00ed m\u011b\u0159en\u00ed terestri\u00e1ln\u00ed slo\u017eky \u1e22*(10), kdy po 10 s m\u011b\u0159en\u00ed relativn\u00ed nejistota m\u011b\u0159en\u00ed typu A (statistika) je lep\u0161\u00ed jak 5 %, po cca 300 s m\u011b\u0159en\u00ed pak lep\u0161\u00ed jak 1 %.\u00a0Sou\u010dasn\u011b lze\u00a0ocenit\u00a0i kosmickou slo\u017eku z\u00e1\u0159en\u00ed (bez neutron\u016f), kter\u00e1 z\u00e1vis\u00ed na tlou\u0161\u0165ce a materi\u00e1lu strop\u016f.<\/p>\n<figure id=\"attachment_843\" aria-describedby=\"caption-attachment-843\" style=\"width: 976px\" class=\"wp-caption aligncenter\"><a href=\"https:\/\/i1.wp.com\/www.hhtec.eu\/wp-content\/uploads\/RD-V\u00e1clavice.jpg\"><img loading=\"lazy\" class=\"wp-image-843 size-full\" src=\"https:\/\/i1.wp.com\/www.hhtec.eu\/wp-content\/uploads\/RD-V\u00e1clavice.jpg?resize=474%2C306\" alt=\"\" width=\"474\" height=\"306\" srcset=\"https:\/\/i1.wp.com\/www.hhtec.eu\/wp-content\/uploads\/RD-V\u00e1clavice.jpg?w=976 976w, https:\/\/i1.wp.com\/www.hhtec.eu\/wp-content\/uploads\/RD-V\u00e1clavice.jpg?resize=150%2C97 150w, https:\/\/i1.wp.com\/www.hhtec.eu\/wp-content\/uploads\/RD-V\u00e1clavice.jpg?resize=300%2C194 300w, https:\/\/i1.wp.com\/www.hhtec.eu\/wp-content\/uploads\/RD-V\u00e1clavice.jpg?resize=768%2C496 768w\" sizes=\"(max-width: 474px) 100vw, 474px\" data-recalc-dims=\"1\" \/><\/a><figcaption id=\"caption-attachment-843\" class=\"wp-caption-text\">HammerHead HH: Radiation in a Vaclavice house<\/figcaption><\/figure>\n<p>&nbsp;<\/p>\n<p>P\u0159i dlouhodob\u00e9m m\u011b\u0159en\u00ed v jednom m\u00edst\u011b lze\u00a0zm\u011b\u0159it\u00a0vliv dce\u0159inn\u00fdch produkt\u016f radod\u016f, emituj\u00edc\u00edch z\u00e1\u0159en\u00ed gama na\u00a0\u1e22*(10), viz\u00a0<a href=\"http:\/\/www.hhtec.eu\/hammer\/mereni\/h-x-radon\/\">http:\/\/www.hhtec.eu\/hammer\/mereni\/h-x-radon\/<\/a><\/p>\n","protected":false},"excerpt":{"rendered":"<p>HammerHead\u00a0HH umo\u017e\u0148uje p\u0159i\u00a0poch\u016fzce\u00a0rodinn\u00fdm domem prov\u00e9st kontinu\u00e1ln\u00ed m\u011b\u0159en\u00ed\u00a0gama radiace\u00a0\u00a0se z\u00e1znamem hodnot\u00a0v 1 s intervalech. T\u00edm lze z\u00edskat rychlou informaci o lok\u00e1ln\u00edch maximech a optimalizovat v\u00fdb\u011br m\u011b\u0159\u00edc\u00edch m\u00edst pro um\u00edst\u011bn\u00ed m\u011b\u0159idla.\u00a0Ve vybran\u00fdch m\u00edstech lze pak prov\u00e9st p\u0159esn\u00e9 stacion\u00e1rn\u00ed m\u011b\u0159en\u00ed terestri\u00e1ln\u00ed slo\u017eky \u1e22*(10), kdy po 10 s m\u011b\u0159en\u00ed relativn\u00ed nejistota m\u011b\u0159en\u00ed typu A (statistika) je lep\u0161\u00ed jak 5 &hellip; <a href=\"http:\/\/www.hhtec.eu\/hammer\/cs\/mereni-v-rd\/\" class=\"more-link\">Pokra\u010dov\u00e1n\u00ed textu <span class=\"screen-reader-text\">Radiace uvnit\u0159 domu<\/span> <span class=\"meta-nav\">&rarr;<\/span><\/a><\/p>\n","protected":false},"author":1,"featured_media":0,"parent":0,"menu_order":0,"comment_status":"closed","ping_status":"closed","template":"","meta":{"spay_email":""},"jetpack_sharing_enabled":true,"jetpack_shortlink":"https:\/\/wp.me\/P7T0YT-d8","_links":{"self":[{"href":"http:\/\/www.hhtec.eu\/hammer\/wp-json\/wp\/v2\/pages\/814"}],"collection":[{"href":"http:\/\/www.hhtec.eu\/hammer\/wp-json\/wp\/v2\/pages"}],"about":[{"href":"http:\/\/www.hhtec.eu\/hammer\/wp-json\/wp\/v2\/types\/page"}],"author":[{"embeddable":true,"href":"http:\/\/www.hhtec.eu\/hammer\/wp-json\/wp\/v2\/users\/1"}],"replies":[{"embeddable":true,"href":"http:\/\/www.hhtec.eu\/hammer\/wp-json\/wp\/v2\/comments?post=814"}],"version-history":[{"count":14,"href":"http:\/\/www.hhtec.eu\/hammer\/wp-json\/wp\/v2\/pages\/814\/revisions"}],"predecessor-version":[{"id":852,"href":"http:\/\/www.hhtec.eu\/hammer\/wp-json\/wp\/v2\/pages\/814\/revisions\/852"}],"wp:attachment":[{"href":"http:\/\/www.hhtec.eu\/hammer\/wp-json\/wp\/v2\/media?parent=814"}],"curies":[{"name":"wp","href":"https:\/\/api.w.org\/{rel}","templated":true}]}}