{"id":255,"date":"2016-09-07T07:15:23","date_gmt":"2016-09-07T06:15:23","guid":{"rendered":"http:\/\/www.hhtec.eu\/?page_id=255"},"modified":"2021-01-15T09:33:29","modified_gmt":"2021-01-15T08:33:29","slug":"kontakt","status":"publish","type":"page","link":"http:\/\/www.hhtec.eu\/hammer\/cs\/kontakt\/","title":{"rendered":"Kontakt"},"content":{"rendered":"<p style=\"text-align: justify;\"><strong><em>HHtec Association<\/em><\/strong><\/p>\n<p style=\"text-align: justify;\">voln\u011b sdru\u017euje osoby se z\u00e1jmem o precizn\u00ed m\u011b\u0159en\u00ed v oblasti ionizuj\u00edc\u00edho z\u00e1\u0159en\u00ed. Zaj\u00edm\u00e1me se o m\u011b\u0159en\u00ed &#8222;d\u00e1vkov\u00e9ho p\u0159\u00edkonu&#8220; <em>\u1e22*(10)<\/em>, vyhled\u00e1v\u00e1n\u00ed m\u00edst s abnorm\u00e1ln\u011b n\u00edzk\u00fdm nebo vysok\u00fdm p\u0159\u00edrodn\u00edm pozad\u00edm, vyhled\u00e1v\u00e1n\u00ed radia\u010dn\u00edch anom\u00e1li\u00ed, stanoven\u00ed 2D nebo 3D rozlo\u017een\u00ed <em>\u1e22*(10)<\/em> v ter\u00e9nu i budov\u00e1ch, sledov\u00e1n\u00ed \u010dasov\u00fdch zm\u011bn <em>\u1e22*(10), <\/em>stanoven\u00ed &#8222;pr\u016fst\u0159el\u016f&#8220; ve st\u00edn\u011bn\u00ed. Mo\u017enost konzultac\u00ed, p\u0159edn\u00e1\u0161ek s praktick\u00fdmi uk\u00e1zkami z m\u011b\u0159en\u00ed z r\u016fzn\u00fdch m\u00edst.<\/p>\n<p>V\u00edce informac\u00ed je mo\u017eno z\u00edskat na:\u00a0<strong>info@hhtec.eu<\/strong><\/p>\n<p><a style=\"font-weight: bold; background-color: transparent; display: inline !important;\" href=\"https:\/\/i0.wp.com\/www.hhtec.eu\/wp-content\/uploads\/HH-a-An2-vyrez2.jpg\"><img loading=\"lazy\" class=\"wp-image-768\" src=\"https:\/\/i0.wp.com\/www.hhtec.eu\/wp-content\/uploads\/HH-a-An2-vyrez2.jpg?resize=474%2C201\" alt=\"\" width=\"474\" height=\"201\" srcset=\"https:\/\/i0.wp.com\/www.hhtec.eu\/wp-content\/uploads\/HH-a-An2-vyrez2.jpg?w=4000 4000w, https:\/\/i0.wp.com\/www.hhtec.eu\/wp-content\/uploads\/HH-a-An2-vyrez2.jpg?resize=150%2C64 150w, https:\/\/i0.wp.com\/www.hhtec.eu\/wp-content\/uploads\/HH-a-An2-vyrez2.jpg?resize=300%2C127 300w, https:\/\/i0.wp.com\/www.hhtec.eu\/wp-content\/uploads\/HH-a-An2-vyrez2.jpg?resize=768%2C326 768w, https:\/\/i0.wp.com\/www.hhtec.eu\/wp-content\/uploads\/HH-a-An2-vyrez2.jpg?resize=1024%2C434 1024w, https:\/\/i0.wp.com\/www.hhtec.eu\/wp-content\/uploads\/HH-a-An2-vyrez2.jpg?w=948 948w, https:\/\/i0.wp.com\/www.hhtec.eu\/wp-content\/uploads\/HH-a-An2-vyrez2.jpg?w=1422 1422w\" sizes=\"(max-width: 474px) 100vw, 474px\" data-recalc-dims=\"1\" \/><\/a><\/p>\n<p>HammerHead HH: P\u0159\u00edprava pro m\u011b\u0159en\u00ed radiace za letu, leti\u0161t\u011b Mlad\u00e1 Boleslav, 2017<\/p>\n<p>Copyright \u00a9 2017<\/p>\n<p>Chr\u00e1n\u011bno autorsk\u00fdm z\u00e1konem.<br \/>\nP\u0159i kop\u00edrov\u00e1n\u00ed text\u016f, obr\u00e1zk\u016f, nebo jin\u00e9ho obsahu z\u00a0<a href=\"http:\/\/www.hhtec.eu\">www.hhtec.eu<\/a> je nutno \u0159\u00eddit se autorsk\u00fdm z\u00e1konem \u010cesk\u00e9 republiky, z\u00e1konem \u010d. 121\/2000 Sb. o pr\u00e1vu autorsk\u00e9m, v\u00a0platn\u00e9m zn\u011bn\u00ed.<\/p>\n<p style=\"text-align: justify;\">Voln\u00e9 u\u017eit\u00ed text\u016f, obr\u00e1zk\u016f nebo jin\u00e9ho obsahu z\u00a0<a href=\"http:\/\/www.hhtec.eu\">www.hhtec.eu<\/a> pro osobn\u00ed pot\u0159ebu je mo\u017en\u00e9 v\u00a0souladu s \u00a7 30 autorsk\u00e9ho z\u00e1kona.\u00a0Pro\u00a0nekomer\u010dn\u00ed \u00fa\u010dely pouze s p\u0159edchoz\u00edm p\u00edsemn\u00fdm souhlasem.<\/p>\n<p style=\"text-align: justify;\">Citov\u00e1n\u00ed text\u016f, obr\u00e1zk\u016f, nebo jin\u00e9ho obsahu z\u00a0<a href=\"http:\/\/www.hhtec.eu\">www.hhtec.eu<\/a> je mo\u017en\u00e9 v\u00a0souladu s \u00a7\u00a031 autorsk\u00e9ho z\u00e1kona.\u00a0P\u0159i u\u017eit\u00ed nebo citov\u00e1n\u00ed text\u016f, obr\u00e1zk\u016f nebo jin\u00e9ho obsahu z\u00a0<a href=\"http:\/\/www.hhtec.eu\">www.hhtec.eu<\/a>, je nutno uv\u00e1d\u011bt odkaz:<br \/>\n\u201e<em>HammerHead HH, m\u011b\u0159idlo p\u0159\u00edkonu prostorov\u00e9ho d\u00e1vkov\u00e9ho ekvivalentu, v\u00fdrobce HHtec, <a href=\"http:\/\/www.hhtec.eu\">www.hhtec.eu<\/a><\/em>\u201c\u00a0nebo ve zkr\u00e1cen\u00e9 form\u011b: \u00a0\u201e<em>HammerHead HH, <a href=\"http:\/\/www.hhtec.eu\">www.hhtec.eu<\/a><\/em>\u201c.<\/p>\n<p style=\"text-align: justify;\"><strong><em>Prohl\u00e1\u0161en\u00ed k z\u00e1vaznosti informac\u00ed na tomto webu<br \/>\n<\/em><\/strong>Ve\u0161ker\u00e9 \u00fadaje na <a href=\"http:\/\/www.hhtec.eu\">www.hhtec.eu<\/a> jsou pouze informativn\u00edho charakteru, nejsou nab\u00eddkou k uzav\u0159en\u00ed smlouvy, p\u0159\u00edslibem k uzav\u0159en\u00ed smlouvy ani jak\u00fdmkoliv jin\u00fdm pr\u00e1vn\u00edm jedn\u00e1n\u00edm, a to bez ohledu na jejich obsah \u010di ozna\u010den\u00ed.<\/p>\n<p style=\"text-align: justify;\">Ve\u0161ker\u00e9 \u00fadaje na <a href=\"http:\/\/www.hhtec.eu\">www.hhtec.eu<\/a> jsou tedy v\u00fdhradn\u011b \u00a0pr\u00e1vn\u011b nez\u00e1vazn\u00e9 informativn\u00ed sd\u011blen\u00ed, i pokud tak nen\u00ed zvl\u00e1\u0161\u0165 ozna\u010deno.<\/p>\n","protected":false},"excerpt":{"rendered":"<p>HHtec Association voln\u011b sdru\u017euje osoby se z\u00e1jmem o precizn\u00ed m\u011b\u0159en\u00ed v oblasti ionizuj\u00edc\u00edho z\u00e1\u0159en\u00ed. Zaj\u00edm\u00e1me se o m\u011b\u0159en\u00ed &#8222;d\u00e1vkov\u00e9ho p\u0159\u00edkonu&#8220; \u1e22*(10), vyhled\u00e1v\u00e1n\u00ed m\u00edst s abnorm\u00e1ln\u011b n\u00edzk\u00fdm nebo vysok\u00fdm p\u0159\u00edrodn\u00edm pozad\u00edm, vyhled\u00e1v\u00e1n\u00ed radia\u010dn\u00edch anom\u00e1li\u00ed, stanoven\u00ed 2D nebo 3D rozlo\u017een\u00ed \u1e22*(10) v ter\u00e9nu i budov\u00e1ch, sledov\u00e1n\u00ed \u010dasov\u00fdch zm\u011bn \u1e22*(10), stanoven\u00ed &#8222;pr\u016fst\u0159el\u016f&#8220; ve st\u00edn\u011bn\u00ed. Mo\u017enost konzultac\u00ed, p\u0159edn\u00e1\u0161ek s &hellip; <a href=\"http:\/\/www.hhtec.eu\/hammer\/cs\/kontakt\/\" class=\"more-link\">Pokra\u010dov\u00e1n\u00ed textu <span class=\"screen-reader-text\">Kontakt<\/span> <span class=\"meta-nav\">&rarr;<\/span><\/a><\/p>\n","protected":false},"author":1,"featured_media":0,"parent":0,"menu_order":0,"comment_status":"closed","ping_status":"closed","template":"","meta":{"spay_email":""},"jetpack_sharing_enabled":true,"jetpack_shortlink":"https:\/\/wp.me\/P7T0YT-47","_links":{"self":[{"href":"http:\/\/www.hhtec.eu\/hammer\/wp-json\/wp\/v2\/pages\/255"}],"collection":[{"href":"http:\/\/www.hhtec.eu\/hammer\/wp-json\/wp\/v2\/pages"}],"about":[{"href":"http:\/\/www.hhtec.eu\/hammer\/wp-json\/wp\/v2\/types\/page"}],"author":[{"embeddable":true,"href":"http:\/\/www.hhtec.eu\/hammer\/wp-json\/wp\/v2\/users\/1"}],"replies":[{"embeddable":true,"href":"http:\/\/www.hhtec.eu\/hammer\/wp-json\/wp\/v2\/comments?post=255"}],"version-history":[{"count":17,"href":"http:\/\/www.hhtec.eu\/hammer\/wp-json\/wp\/v2\/pages\/255\/revisions"}],"predecessor-version":[{"id":1382,"href":"http:\/\/www.hhtec.eu\/hammer\/wp-json\/wp\/v2\/pages\/255\/revisions\/1382"}],"wp:attachment":[{"href":"http:\/\/www.hhtec.eu\/hammer\/wp-json\/wp\/v2\/media?parent=255"}],"curies":[{"name":"wp","href":"https:\/\/api.w.org\/{rel}","templated":true}]}}