{"id":1188,"date":"2018-04-29T10:27:07","date_gmt":"2018-04-29T09:27:07","guid":{"rendered":"http:\/\/www.hhtec.eu\/hammer\/?page_id=1188"},"modified":"2018-09-22T12:38:12","modified_gmt":"2018-09-22T11:38:12","slug":"cosmic-radiation-during-flight","status":"publish","type":"page","link":"http:\/\/www.hhtec.eu\/hammer\/en\/cosmic-radiation-during-flight\/","title":{"rendered":"Cosmic Radiation during PRG-PAR Flight"},"content":{"rendered":"<div id=\"gt-c\" class=\"g-section\">\n<div id=\"gt-form-c\">\n<form id=\"gt-form\" action=\"\/\" enctype=\"application\/x-www-form-urlencoded\" method=\"post\" name=\"text_form\">\n<div id=\"gt-text-all\">\n<div id=\"gt-main\">\n<div id=\"gt-text-c\">\n<div id=\"gt-text-top\">\n<div id=\"gt-res-c\" class=\"g-unit\">\n<div id=\"gt-res-p\">\n<div id=\"gt-res-data\">\n<div id=\"gt-res-wrap\">\n<div id=\"gt-res-content\">\n<div id=\"gt-res-dir-ctr\" class=\"trans-verified-button-small\" dir=\"ltr\">\n<div id=\"gt-c\" class=\"g-section\">\n<div id=\"gt-form-c\">\n<div id=\"gt-text-all\">\n<div id=\"gt-main\">\n<div id=\"gt-text-c\">\n<div id=\"gt-text-top\">\n<div id=\"gt-res-c\" class=\"g-unit\">\n<div id=\"gt-res-p\">\n<div id=\"gt-res-data\">\n<div id=\"gt-res-wrap\">\n<div id=\"gt-res-content\">\n<div id=\"gt-res-dir-ctr\" class=\"trans-verified-button-small\" dir=\"ltr\"><span id=\"result_box\" lang=\"en\">HammerHead HH response for <em>\u1e22*(10)<sub>cosmic<\/sub><\/em> depending on altitude.\u00a0<span class=\"alt-edited\">Measurements were performed during the descent Airbus A319 flight level of 12 km.<\/span> The course is consistent with software \u00a0<a href=\"http:\/\/phits.jaea.go.jp\/expacs\/\" target=\"_blank\" rel=\"noopener noreferrer\">Expacs<\/a> (RGRTA, Japan Atomic Energy Agency), which is used to calculate the effective dose and <em>\u1e22*(10) of<\/em> cosmic radiation in the atmosphere. Measurement was carried out in 2015 on the Prague &#8211; Paris route in cooperation with the Department of Radiation Dosimetry of the \u00a0<a href=\"http:\/\/cesky.odz.ujf.cas.cz\/home\/vyzkum\/dozimetrie\" target=\"_blank\" rel=\"noopener noreferrer\">Czech Academy of Sciences<\/a>.<\/span><\/div>\n<\/div>\n<\/div>\n<\/div>\n<\/div>\n<\/div>\n<\/div>\n<\/div>\n<\/div>\n<\/div>\n<\/div>\n<\/div>\n<\/div>\n<\/div>\n<div dir=\"ltr\"><\/div>\n<\/div>\n<\/div>\n<\/div>\n<\/div>\n<\/div>\n<\/div>\n<\/div>\n<\/div>\n<\/form>\n<\/div>\n<\/div>\n<p><a href=\"https:\/\/i1.wp.com\/www.hhtec.eu\/wp-content\/uploads\/HH-response-vs-Altitude-1.jpg\"><img loading=\"lazy\" class=\"aligncenter size-full wp-image-452\" src=\"https:\/\/i1.wp.com\/www.hhtec.eu\/wp-content\/uploads\/HH-response-vs-Altitude-1.jpg?resize=474%2C307\" alt=\"\" width=\"474\" height=\"307\" srcset=\"https:\/\/i1.wp.com\/www.hhtec.eu\/wp-content\/uploads\/HH-response-vs-Altitude-1.jpg?w=977 977w, https:\/\/i1.wp.com\/www.hhtec.eu\/wp-content\/uploads\/HH-response-vs-Altitude-1.jpg?resize=150%2C97 150w, https:\/\/i1.wp.com\/www.hhtec.eu\/wp-content\/uploads\/HH-response-vs-Altitude-1.jpg?resize=300%2C194 300w, https:\/\/i1.wp.com\/www.hhtec.eu\/wp-content\/uploads\/HH-response-vs-Altitude-1.jpg?resize=768%2C497 768w, https:\/\/i1.wp.com\/www.hhtec.eu\/wp-content\/uploads\/HH-response-vs-Altitude-1.jpg?resize=200%2C129 200w\" sizes=\"(max-width: 474px) 100vw, 474px\" data-recalc-dims=\"1\" \/><\/a><\/p>\n","protected":false},"excerpt":{"rendered":"<p>HammerHead HH response for \u1e22*(10)cosmic depending on altitude.\u00a0Measurements were performed during the descent Airbus A319 flight level of 12 km. The course is consistent with software \u00a0Expacs (RGRTA, Japan Atomic Energy Agency), which is used to calculate the effective dose and \u1e22*(10) of cosmic radiation in the atmosphere. Measurement was carried out in 2015 on &hellip; <a href=\"http:\/\/www.hhtec.eu\/hammer\/en\/cosmic-radiation-during-flight\/\" class=\"more-link\">Pokra\u010dov\u00e1n\u00ed textu <span class=\"screen-reader-text\">Cosmic Radiation during PRG-PAR Flight<\/span> <span class=\"meta-nav\">&rarr;<\/span><\/a><\/p>\n","protected":false},"author":1,"featured_media":0,"parent":0,"menu_order":0,"comment_status":"closed","ping_status":"closed","template":"","meta":{"spay_email":""},"jetpack_sharing_enabled":true,"jetpack_shortlink":"https:\/\/wp.me\/P7T0YT-ja","_links":{"self":[{"href":"http:\/\/www.hhtec.eu\/hammer\/wp-json\/wp\/v2\/pages\/1188"}],"collection":[{"href":"http:\/\/www.hhtec.eu\/hammer\/wp-json\/wp\/v2\/pages"}],"about":[{"href":"http:\/\/www.hhtec.eu\/hammer\/wp-json\/wp\/v2\/types\/page"}],"author":[{"embeddable":true,"href":"http:\/\/www.hhtec.eu\/hammer\/wp-json\/wp\/v2\/users\/1"}],"replies":[{"embeddable":true,"href":"http:\/\/www.hhtec.eu\/hammer\/wp-json\/wp\/v2\/comments?post=1188"}],"version-history":[{"count":2,"href":"http:\/\/www.hhtec.eu\/hammer\/wp-json\/wp\/v2\/pages\/1188\/revisions"}],"predecessor-version":[{"id":1251,"href":"http:\/\/www.hhtec.eu\/hammer\/wp-json\/wp\/v2\/pages\/1188\/revisions\/1251"}],"wp:attachment":[{"href":"http:\/\/www.hhtec.eu\/hammer\/wp-json\/wp\/v2\/media?parent=1188"}],"curies":[{"name":"wp","href":"https:\/\/api.w.org\/{rel}","templated":true}]}}