{"id":1142,"date":"2018-04-01T18:36:08","date_gmt":"2018-04-01T17:36:08","guid":{"rendered":"http:\/\/www.hhtec.eu\/hammer\/?page_id=1142"},"modified":"2018-06-26T21:08:33","modified_gmt":"2018-06-26T20:08:33","slug":"radiace-na-zamrzle-hladine","status":"publish","type":"page","link":"http:\/\/www.hhtec.eu\/hammer\/cs\/radiace-na-zamrzle-hladine\/","title":{"rendered":"M\u011b\u0159en\u00ed radiace na vodn\u00ed hladin\u011b"},"content":{"rendered":"<p><a href=\"https:\/\/i1.wp.com\/www.hhtec.eu\/wp-content\/uploads\/Gw-002-1.jpg\"><img loading=\"lazy\" class=\"aligncenter size-full wp-image-1212\" src=\"https:\/\/i1.wp.com\/www.hhtec.eu\/wp-content\/uploads\/Gw-002-1.jpg?resize=474%2C306\" alt=\"\" width=\"474\" height=\"306\" srcset=\"https:\/\/i1.wp.com\/www.hhtec.eu\/wp-content\/uploads\/Gw-002-1.jpg?w=970 970w, https:\/\/i1.wp.com\/www.hhtec.eu\/wp-content\/uploads\/Gw-002-1.jpg?resize=150%2C97 150w, https:\/\/i1.wp.com\/www.hhtec.eu\/wp-content\/uploads\/Gw-002-1.jpg?resize=600%2C387 600w, https:\/\/i1.wp.com\/www.hhtec.eu\/wp-content\/uploads\/Gw-002-1.jpg?resize=768%2C496 768w\" sizes=\"(max-width: 474px) 100vw, 474px\" data-recalc-dims=\"1\" \/><\/a><\/p>\n","protected":false},"excerpt":{"rendered":"","protected":false},"author":1,"featured_media":0,"parent":0,"menu_order":0,"comment_status":"closed","ping_status":"closed","template":"","meta":{"spay_email":""},"jetpack_sharing_enabled":true,"jetpack_shortlink":"https:\/\/wp.me\/P7T0YT-iq","_links":{"self":[{"href":"http:\/\/www.hhtec.eu\/hammer\/wp-json\/wp\/v2\/pages\/1142"}],"collection":[{"href":"http:\/\/www.hhtec.eu\/hammer\/wp-json\/wp\/v2\/pages"}],"about":[{"href":"http:\/\/www.hhtec.eu\/hammer\/wp-json\/wp\/v2\/types\/page"}],"author":[{"embeddable":true,"href":"http:\/\/www.hhtec.eu\/hammer\/wp-json\/wp\/v2\/users\/1"}],"replies":[{"embeddable":true,"href":"http:\/\/www.hhtec.eu\/hammer\/wp-json\/wp\/v2\/comments?post=1142"}],"version-history":[{"count":5,"href":"http:\/\/www.hhtec.eu\/hammer\/wp-json\/wp\/v2\/pages\/1142\/revisions"}],"predecessor-version":[{"id":1215,"href":"http:\/\/www.hhtec.eu\/hammer\/wp-json\/wp\/v2\/pages\/1142\/revisions\/1215"}],"wp:attachment":[{"href":"http:\/\/www.hhtec.eu\/hammer\/wp-json\/wp\/v2\/media?parent=1142"}],"curies":[{"name":"wp","href":"https:\/\/api.w.org\/{rel}","templated":true}]}}