{"id":1132,"date":"2018-04-01T10:47:58","date_gmt":"2018-04-01T09:47:58","guid":{"rendered":"http:\/\/www.hhtec.eu\/hammer\/?page_id=1132"},"modified":"2018-04-02T07:54:03","modified_gmt":"2018-04-02T06:54:03","slug":"vliv-radonu-pri-mereni-v-podzemi","status":"publish","type":"page","link":"http:\/\/www.hhtec.eu\/hammer\/cs\/vliv-radonu-pri-mereni-v-podzemi\/","title":{"rendered":"Vliv radonu p\u0159i m\u011b\u0159en\u00ed v podzem\u00ed"},"content":{"rendered":"<p>Srovn\u00e1vac\u00ed m\u011b\u0159en\u00ed\u00a0<em>\u1e22*(10)\u00a0<\/em>a koncentrace dce\u0159inn\u00fdch produkt\u016f radonu v podzem\u00ed (40 m pod povrchem) v z\u00e1vislosti na \u010dinnosti vzduchotechniky. Po vypnut\u00ed vzduchotechniky v 17 h je mo\u017eno pozorovat postupn\u00fd n\u00e1r\u016fst koncentrace radonu i hodnoty <em>\u1e22*(10) <\/em>a to\u00a0a\u017e do 6 hod rann\u00ed, kdy vzduchotechnika byla op\u011bt zapnuta.<\/p>\n<p><a href=\"https:\/\/i0.wp.com\/www.hhtec.eu\/wp-content\/uploads\/PDE-x-Radon-Progeny.jpg\"><img loading=\"lazy\" class=\"aligncenter size-full wp-image-345\" src=\"https:\/\/i0.wp.com\/www.hhtec.eu\/wp-content\/uploads\/PDE-x-Radon-Progeny.jpg?resize=474%2C306\" alt=\"\" width=\"474\" height=\"306\" srcset=\"https:\/\/i0.wp.com\/www.hhtec.eu\/wp-content\/uploads\/PDE-x-Radon-Progeny.jpg?w=977 977w, https:\/\/i0.wp.com\/www.hhtec.eu\/wp-content\/uploads\/PDE-x-Radon-Progeny.jpg?resize=150%2C97 150w, https:\/\/i0.wp.com\/www.hhtec.eu\/wp-content\/uploads\/PDE-x-Radon-Progeny.jpg?resize=300%2C194 300w, https:\/\/i0.wp.com\/www.hhtec.eu\/wp-content\/uploads\/PDE-x-Radon-Progeny.jpg?resize=768%2C496 768w, https:\/\/i0.wp.com\/www.hhtec.eu\/wp-content\/uploads\/PDE-x-Radon-Progeny.jpg?resize=200%2C129 200w\" sizes=\"(max-width: 474px) 100vw, 474px\" data-recalc-dims=\"1\" \/><\/a><\/p>\n","protected":false},"excerpt":{"rendered":"<p>Srovn\u00e1vac\u00ed m\u011b\u0159en\u00ed\u00a0\u1e22*(10)\u00a0a koncentrace dce\u0159inn\u00fdch produkt\u016f radonu v podzem\u00ed (40 m pod povrchem) v z\u00e1vislosti na \u010dinnosti vzduchotechniky. Po vypnut\u00ed vzduchotechniky v 17 h je mo\u017eno pozorovat postupn\u00fd n\u00e1r\u016fst koncentrace radonu i hodnoty \u1e22*(10) a to\u00a0a\u017e do 6 hod rann\u00ed, kdy vzduchotechnika byla op\u011bt zapnuta.<\/p>\n","protected":false},"author":1,"featured_media":0,"parent":0,"menu_order":0,"comment_status":"closed","ping_status":"closed","template":"","meta":{"spay_email":""},"jetpack_sharing_enabled":true,"jetpack_shortlink":"https:\/\/wp.me\/P7T0YT-ig","_links":{"self":[{"href":"http:\/\/www.hhtec.eu\/hammer\/wp-json\/wp\/v2\/pages\/1132"}],"collection":[{"href":"http:\/\/www.hhtec.eu\/hammer\/wp-json\/wp\/v2\/pages"}],"about":[{"href":"http:\/\/www.hhtec.eu\/hammer\/wp-json\/wp\/v2\/types\/page"}],"author":[{"embeddable":true,"href":"http:\/\/www.hhtec.eu\/hammer\/wp-json\/wp\/v2\/users\/1"}],"replies":[{"embeddable":true,"href":"http:\/\/www.hhtec.eu\/hammer\/wp-json\/wp\/v2\/comments?post=1132"}],"version-history":[{"count":3,"href":"http:\/\/www.hhtec.eu\/hammer\/wp-json\/wp\/v2\/pages\/1132\/revisions"}],"predecessor-version":[{"id":1173,"href":"http:\/\/www.hhtec.eu\/hammer\/wp-json\/wp\/v2\/pages\/1132\/revisions\/1173"}],"wp:attachment":[{"href":"http:\/\/www.hhtec.eu\/hammer\/wp-json\/wp\/v2\/media?parent=1132"}],"curies":[{"name":"wp","href":"https:\/\/api.w.org\/{rel}","templated":true}]}}