{"id":1078,"date":"2018-03-18T18:17:15","date_gmt":"2018-03-18T17:17:15","guid":{"rendered":"http:\/\/www.hhtec.eu\/hammer\/?page_id=1078"},"modified":"2018-06-26T21:58:52","modified_gmt":"2018-06-26T20:58:52","slug":"lom-na-tezbu-hadce","status":"publish","type":"page","link":"http:\/\/www.hhtec.eu\/hammer\/cs\/lom-na-tezbu-hadce\/","title":{"rendered":"N\u00edzk\u00e9 radia\u010dn\u00ed pozad\u00ed v lomu na t\u011b\u017ebu hadce"},"content":{"rendered":"<p>&nbsp;<\/p>\n<p><span style=\"color: #000000;\"><a href=\"https:\/\/i1.wp.com\/www.hhtec.eu\/wp-content\/uploads\/Gw-007-Low-Natural-Radiation-om\u0144-Serpenite-Quarry-1.jpg\"><img loading=\"lazy\" class=\"aligncenter size-full wp-image-1252\" src=\"https:\/\/i1.wp.com\/www.hhtec.eu\/wp-content\/uploads\/Gw-007-Low-Natural-Radiation-om\u0144-Serpenite-Quarry-1.jpg?resize=474%2C306\" alt=\"\" width=\"474\" height=\"306\" srcset=\"https:\/\/i1.wp.com\/www.hhtec.eu\/wp-content\/uploads\/Gw-007-Low-Natural-Radiation-om\u0144-Serpenite-Quarry-1.jpg?w=977 977w, https:\/\/i1.wp.com\/www.hhtec.eu\/wp-content\/uploads\/Gw-007-Low-Natural-Radiation-om\u0144-Serpenite-Quarry-1.jpg?resize=150%2C97 150w, https:\/\/i1.wp.com\/www.hhtec.eu\/wp-content\/uploads\/Gw-007-Low-Natural-Radiation-om\u0144-Serpenite-Quarry-1.jpg?resize=600%2C388 600w, https:\/\/i1.wp.com\/www.hhtec.eu\/wp-content\/uploads\/Gw-007-Low-Natural-Radiation-om\u0144-Serpenite-Quarry-1.jpg?resize=768%2C496 768w\" sizes=\"(max-width: 474px) 100vw, 474px\" data-recalc-dims=\"1\" \/><\/a>Stacion\u00e1rn\u00ed m\u011b\u0159en\u00ed v lomu,\u00a0kde\u00a0se d\u0159\u00edve t\u011b\u017eil hadec\u00a0(serpentinit) ukazuje, \u017ee i na zemsk\u00e9m povrchu lze nal\u00e9zt lokality s\u00a0n\u00edzkou terestri\u00e1ln\u00ed slo\u017ekou. Hadec pat\u0159\u00ed\u00a0mezi horniny s n\u00edzk\u00fdm obsahem primordi\u00e1ln\u00edch radionuklid\u016f (K-40, Th-232, U-238, Ra-226).<\/span><\/p>\n","protected":false},"excerpt":{"rendered":"<p>&nbsp; Stacion\u00e1rn\u00ed m\u011b\u0159en\u00ed v lomu,\u00a0kde\u00a0se d\u0159\u00edve t\u011b\u017eil hadec\u00a0(serpentinit) ukazuje, \u017ee i na zemsk\u00e9m povrchu lze nal\u00e9zt lokality s\u00a0n\u00edzkou terestri\u00e1ln\u00ed slo\u017ekou. Hadec pat\u0159\u00ed\u00a0mezi horniny s n\u00edzk\u00fdm obsahem primordi\u00e1ln\u00edch radionuklid\u016f (K-40, Th-232, U-238, Ra-226).<\/p>\n","protected":false},"author":1,"featured_media":0,"parent":0,"menu_order":0,"comment_status":"closed","ping_status":"closed","template":"","meta":{"spay_email":""},"jetpack_sharing_enabled":true,"jetpack_shortlink":"https:\/\/wp.me\/P7T0YT-ho","_links":{"self":[{"href":"http:\/\/www.hhtec.eu\/hammer\/wp-json\/wp\/v2\/pages\/1078"}],"collection":[{"href":"http:\/\/www.hhtec.eu\/hammer\/wp-json\/wp\/v2\/pages"}],"about":[{"href":"http:\/\/www.hhtec.eu\/hammer\/wp-json\/wp\/v2\/types\/page"}],"author":[{"embeddable":true,"href":"http:\/\/www.hhtec.eu\/hammer\/wp-json\/wp\/v2\/users\/1"}],"replies":[{"embeddable":true,"href":"http:\/\/www.hhtec.eu\/hammer\/wp-json\/wp\/v2\/comments?post=1078"}],"version-history":[{"count":5,"href":"http:\/\/www.hhtec.eu\/hammer\/wp-json\/wp\/v2\/pages\/1078\/revisions"}],"predecessor-version":[{"id":1253,"href":"http:\/\/www.hhtec.eu\/hammer\/wp-json\/wp\/v2\/pages\/1078\/revisions\/1253"}],"wp:attachment":[{"href":"http:\/\/www.hhtec.eu\/hammer\/wp-json\/wp\/v2\/media?parent=1078"}],"curies":[{"name":"wp","href":"https:\/\/api.w.org\/{rel}","templated":true}]}}